{"id":92,"date":"2023-09-19T20:36:34","date_gmt":"2023-09-19T18:36:34","guid":{"rendered":"https:\/\/editha-dev.bruchstudios.de\/?page_id=92"},"modified":"2024-07-29T14:59:36","modified_gmt":"2024-07-29T12:59:36","slug":"erasmus","status":"publish","type":"page","link":"https:\/\/editha-dev.bruchstudios.de\/index.php\/erasmus\/","title":{"rendered":"Erasmus+"},"content":{"rendered":"\n<p><\/p>\n\n\n\n<div class=\"wp-block-stackable-columns alignfull stk-block-columns stk-block stk-9dd4459\" data-block-id=\"9dd4459\"><div class=\"stk-row stk-inner-blocks stk-block-content stk-content-align stk-9dd4459-column alignfull\">\n<div class=\"wp-block-stackable-column stk-block-column stk-column stk-block stk-433db8b stk-block-background\" data-v=\"4\" data-block-id=\"433db8b\"><div class=\"stk-column-wrapper stk-block-column__content stk-container stk-433db8b-container stk--no-background stk--no-padding\"><div class=\"stk-block-content stk-inner-blocks stk-433db8b-inner-blocks\">\n<figure class=\"wp-block-gallery has-nested-images columns-default is-cropped wp-block-gallery-1 is-layout-flex wp-block-gallery-is-layout-flex\">\n<figure class=\"wp-block-image size-full\"><img fetchpriority=\"high\" decoding=\"async\" width=\"800\" height=\"185\" data-id=\"180\" src=\"https:\/\/editha-dev.bruchstudios.de\/wp-content\/uploads\/2023\/09\/Bild_2023-09-24_113919441.png\" alt=\"\" class=\"wp-image-180\" style=\"aspect-ratio:4.324324324324325\" srcset=\"https:\/\/editha-dev.bruchstudios.de\/wp-content\/uploads\/2023\/09\/Bild_2023-09-24_113919441.png 800w, https:\/\/editha-dev.bruchstudios.de\/wp-content\/uploads\/2023\/09\/Bild_2023-09-24_113919441-300x69.png 300w, https:\/\/editha-dev.bruchstudios.de\/wp-content\/uploads\/2023\/09\/Bild_2023-09-24_113919441-768x178.png 768w\" sizes=\"(max-width: 800px) 100vw, 800px\" \/><\/figure>\n<\/figure>\n\n\n\n<figure class=\"wp-block-image is-resized\"><img decoding=\"async\" src=\"https:\/\/www.gym-editha.bildung-lsa.de\/dat\/cms1003288\/images\/Spanisch\/rosales.png\" alt=\"rosales.png\" style=\"aspect-ratio:1.8918918918918919;width:213px;height:auto\" title=\"rosales.png\"\/><\/figure>\n<\/div><\/div><\/div>\n\n\n\n<div class=\"wp-block-stackable-column stk-block-column stk-column stk-block stk-b839f29\" data-v=\"4\" data-block-id=\"b839f29\"><style>.stk-b839f29{padding-top:80px !important;padding-right:48px !important;padding-bottom:80px !important;padding-left:48px !important}<\/style><div class=\"stk-column-wrapper stk-block-column__content stk-container stk-b839f29-container stk--no-background stk--no-padding\"><div class=\"stk-block-content stk-inner-blocks stk-b839f29-inner-blocks\">\n<div class=\"wp-block-stackable-heading stk-block-heading stk-block-heading--v2 stk-block stk-a5c808e\" id=\"unsere-erasmus-projekte\" data-block-id=\"a5c808e\"><h2 class=\"stk-block-heading__text\">Unsere Erasmus+ &#8211; Projekte<\/h2><\/div>\n\n\n\n<div class=\"wp-block-stackable-text stk-block-text stk-block stk-22c370a\" data-block-id=\"22c370a\"><p class=\"stk-block-text__text\">Seit 2021 ist unsere Schule im Rahmen des europ\u00e4ischen Programms Erasmus+ akkreditiert. Dies erm\u00f6glicht uns, Sch\u00fcler*innenaustausche in Kl. 8 mit D\u00e4nemark und in Kl.10 mit Spanien durchzuf\u00fchren.<\/p><\/div>\n\n\n\n<div class=\"wp-block-stackable-text stk-block-text stk-block stk-75dd7a2\" data-block-id=\"75dd7a2\"><p class=\"stk-block-text__text\">Wir freuen uns, dass unsere Sch\u00fcler*innen damit die M\u00f6glichkeit haben, andere L\u00e4nder und Kulturen kennenzulernen und ihre Fremdsprachenkenntnisse im &#8222;echten&#8220; Leben anzuwenden. Die Erfahrungen zeigen, dass ein solcher Austausch sehr dazu beitr\u00e4gt, dass die Teilnehmer*innen ihre St\u00e4rken kennenlernen und einsetzen k\u00f6nnen. Sie kehren mit einem gest\u00e4rkten Selbstwergef\u00fchl wieder und sind stolz darauf, eine solche Reise gemeistert zu haben. Die Sch\u00fcler*innen sind motivierter weiter an ihren Fremdsprachenkenntnissen zu arbeiten.<\/p><\/div>\n\n\n\n<div class=\"wp-block-stackable-text stk-block-text stk-block stk-585340c\" data-block-id=\"585340c\"><p class=\"stk-block-text__text\">Auch das Aufnehmen von Gastsch\u00fcler*innen ist f\u00fcr die Familien eine interessante und positive Erfahrung.<\/p><\/div>\n\n\n\n<div class=\"wp-block-stackable-text stk-block-text stk-block stk-224c2c1\" data-block-id=\"224c2c1\"><p class=\"stk-block-text__text\">Unsere Austausche finden statt:<\/p><\/div>\n\n\n\n<div class=\"wp-block-stackable-text stk-block-text stk-block stk-4ae4c2a\" data-block-id=\"4ae4c2a\"><p class=\"stk-block-text__text\">in Kl. 8 mit der&nbsp;<a href=\"https:\/\/www.google.com\/url?sa=t&amp;rct=j&amp;q=&amp;esrc=s&amp;source=web&amp;cd=&amp;cad=rja&amp;uact=8&amp;ved=2ahUKEwjBg_n8suX_AhV6hf0HHVFJA7AQFnoECBoQAQ&amp;url=https%3A%2F%2Fkirkebakkeskolen.aula.dk%2F&amp;usg=AOvVaw3KH5zryptPqV_Wf6dnkhXS&amp;opi=89978449\" target=\"_blank\" rel=\"noreferrer noopener\">Kirkebakkeskolen<\/a>&nbsp;in Vejle, D\u00e4nemark.<\/p><\/div>\n\n\n\n<div class=\"wp-block-stackable-text stk-block-text stk-block stk-b840114\" data-block-id=\"b840114\"><p class=\"stk-block-text__text\">in Kl. 10 mit dem\u00a0<a href=\"https:\/\/colegiorosalesdelcanal.es\/\" target=\"_blank\" rel=\"noreferrer noopener\">Colegio Rosales del Canal<\/a>\u00a0in Zaragoza, Spanien.<\/p><\/div>\n<\/div><\/div><\/div>\n<\/div><\/div>\n\n\n\n<p><\/p>\n","protected":false},"excerpt":{"rendered":"<p>Unsere Erasmus+ &#8211; Projekte Seit 2021 ist unsere Schule im Rahmen des europ\u00e4ischen Programms Erasmus+ akkreditiert. Dies erm\u00f6glicht uns, Sch\u00fcler*innenaustausche in Kl. 8 mit D\u00e4nemark und in Kl.10 mit Spanien durchzuf\u00fchren. Wir freuen uns, dass unsere Sch\u00fcler*innen damit die M\u00f6glichkeit haben, andere L\u00e4nder und Kulturen kennenzulernen und ihre Fremdsprachenkenntnisse im &#8222;echten&#8220; Leben anzuwenden. Die Erfahrungen&hellip;&nbsp;<a href=\"https:\/\/editha-dev.bruchstudios.de\/index.php\/erasmus\/\" rel=\"bookmark\">Weiterlesen &raquo;<span class=\"screen-reader-text\">Erasmus+<\/span><\/a><\/p>\n","protected":false},"author":1,"featured_media":0,"parent":0,"menu_order":0,"comment_status":"closed","ping_status":"closed","template":"","meta":{"_eb_attr":"","neve_meta_sidebar":"","neve_meta_container":"","neve_meta_enable_content_width":"","neve_meta_content_width":0,"neve_meta_title_alignment":"","neve_meta_author_avatar":"","neve_post_elements_order":"","neve_meta_disable_header":"","neve_meta_disable_footer":"","neve_meta_disable_title":"","footnotes":""},"class_list":["post-92","page","type-page","status-publish","hentry"],"aioseo_notices":[],"_links":{"self":[{"href":"https:\/\/editha-dev.bruchstudios.de\/index.php\/wp-json\/wp\/v2\/pages\/92","targetHints":{"allow":["GET"]}}],"collection":[{"href":"https:\/\/editha-dev.bruchstudios.de\/index.php\/wp-json\/wp\/v2\/pages"}],"about":[{"href":"https:\/\/editha-dev.bruchstudios.de\/index.php\/wp-json\/wp\/v2\/types\/page"}],"author":[{"embeddable":true,"href":"https:\/\/editha-dev.bruchstudios.de\/index.php\/wp-json\/wp\/v2\/users\/1"}],"replies":[{"embeddable":true,"href":"https:\/\/editha-dev.bruchstudios.de\/index.php\/wp-json\/wp\/v2\/comments?post=92"}],"version-history":[{"count":7,"href":"https:\/\/editha-dev.bruchstudios.de\/index.php\/wp-json\/wp\/v2\/pages\/92\/revisions"}],"predecessor-version":[{"id":747,"href":"https:\/\/editha-dev.bruchstudios.de\/index.php\/wp-json\/wp\/v2\/pages\/92\/revisions\/747"}],"wp:attachment":[{"href":"https:\/\/editha-dev.bruchstudios.de\/index.php\/wp-json\/wp\/v2\/media?parent=92"}],"curies":[{"name":"wp","href":"https:\/\/api.w.org\/{rel}","templated":true}]}}