{"id":90,"date":"2023-09-19T20:36:34","date_gmt":"2023-09-19T18:36:34","guid":{"rendered":"https:\/\/editha-dev.bruchstudios.de\/?page_id=90"},"modified":"2023-11-06T12:01:23","modified_gmt":"2023-11-06T11:01:23","slug":"foerderverein","status":"publish","type":"page","link":"https:\/\/editha-dev.bruchstudios.de\/index.php\/foerderverein\/","title":{"rendered":"F\u00f6rderverein"},"content":{"rendered":"\n<h1 class=\"wp-block-heading\">Unser F\u00f6rderverein<\/h1>\n\n\n\n<p>Seit dem April 2016 existiert der F\u00f6rderverein unserer Editha-Gymnasiums und hat das Ziel, das Schulleben noch sch\u00f6ner zu machen.<\/p>\n\n\n\n<p>Weiter Informationen finden Sie in unserem Flyer (<a href=\"https:\/\/www.gym-editha.bildung-lsa.de\/dat\/cms1003288\/images\/flyer.pdf\" target=\"_blank\" rel=\"noreferrer noopener\">flyer.pdf<\/a>) oder auf&nbsp;<a href=\"http:\/\/fv-editha-gymnasium.de\/\" target=\"_blank\" rel=\"noreferrer noopener\">http:\/\/fv-editha-gymnasium.de\/<\/a>.<\/p>\n\n\n\n<p>Wenn auch Sie uns unterst\u00fctzen wollen, nutzen Sie&nbsp;unser Antragsformular:&nbsp;<a href=\"https:\/\/www.gym-editha.bildung-lsa.de\/dat\/cms1003288\/images\/antrag.pdf\" target=\"_blank\" rel=\"noreferrer noopener\">antrag.pdf<\/a><\/p>\n\n\n\n<p>Einfach ausdrucken, ausf\u00fcllen, unterschreiben und in der Schule einreichen.<\/p>\n\n\n\n<p>(Hinweis: Das heruntergeladene PDF-Dokument kann auch digital ausgef\u00fcllt werden. Bitte vergessen Sie aber nicht Ihre Unterschrift.)<\/p>\n\n\n\n<p>Das Editha-Gymnasium bedankt sich f\u00fcr Ihre Unterst\u00fctzung!<\/p>\n\n\n\n<hr class=\"wp-block-separator has-alpha-channel-opacity\"\/>\n\n\n\n<div class=\"wp-block-stackable-feature alignwide stk-block-feature stk-block stk-5ea091d is-style-default\" data-v=\"2\" data-block-id=\"5ea091d\"><style>.stk-5ea091d-container{box-shadow:0px 2px 20px rgba(153,153,153,0.2) !important}<\/style><div class=\"stk-content-align stk-5ea091d-column alignwide stk-container stk-5ea091d-container stk-hover-parent\"><div class=\"stk-inner-blocks stk-block-content stk-row\">\n<div class=\"wp-block-stackable-column stk-block-column stk-column stk-block stk-822b384\" data-v=\"4\" data-block-id=\"822b384\"><style>.stk-822b384{align-self:center !important}<\/style><div class=\"stk-column-wrapper stk-block-column__content stk-container stk-822b384-container stk--no-background stk--no-padding\"><div class=\"stk-block-content stk-inner-blocks stk-822b384-inner-blocks\">\n<div class=\"wp-block-stackable-image stk-block-image stk-block stk-743e2c0\" data-block-id=\"743e2c0\"><style>.stk-743e2c0 .stk-img-wrapper{width:100% !important;height:473px !important}<\/style><figure><div class=\"stk-img-wrapper stk-image--shape-stretch\"><img fetchpriority=\"high\" decoding=\"async\" class=\"stk-img wp-image-267\" src=\"https:\/\/editha-dev.bruchstudios.de\/wp-content\/uploads\/2023\/10\/kleinfoerderverein.png\" width=\"400\" height=\"366\" srcset=\"https:\/\/editha-dev.bruchstudios.de\/wp-content\/uploads\/2023\/10\/kleinfoerderverein.png 400w, https:\/\/editha-dev.bruchstudios.de\/wp-content\/uploads\/2023\/10\/kleinfoerderverein-300x275.png 300w\" sizes=\"(max-width: 400px) 100vw, 400px\" \/><\/div><\/figure><\/div>\n<\/div><\/div><\/div>\n\n\n\n<div class=\"wp-block-stackable-column stk-block-column stk-column stk-block stk-ebdfff5\" data-v=\"4\" data-block-id=\"ebdfff5\"><style>.stk-ebdfff5{align-self:center !important}.stk-ebdfff5-inner-blocks{justify-content:center !important}<\/style><div class=\"stk-column-wrapper stk-block-column__content stk-container stk-ebdfff5-container stk--no-background stk--no-padding\"><div class=\"stk--column-flex stk-block-content stk-inner-blocks stk-ebdfff5-inner-blocks\">\n<div class=\"wp-block-stackable-heading stk-block-heading stk-block-heading--v2 stk-block stk-99c0388\" id=\"spendenaufruf-fur-unseren-schulgarten\" data-block-id=\"99c0388\"><style>.stk-99c0388 .stk-block-heading__text{font-weight:bold !important;font-family:\"Lato\",Sans-serif !important}<\/style><h2 class=\"stk-block-heading__text\">Spendenaufruf f\u00fcr unseren Schulgarten<\/h2><\/div>\n\n\n\n<div class=\"wp-block-stackable-text stk-block-text stk-block stk-eab1dca\" data-block-id=\"eab1dca\"><p class=\"stk-block-text__text\">Liebe Mitglieder und Unterst\u00fctzer des F\u00f6rdervereins,<\/p><\/div>\n\n\n\n<div class=\"wp-block-stackable-text stk-block-text stk-block stk-35a80b7\" data-block-id=\"35a80b7\"><p class=\"stk-block-text__text\">herzlichen Dank an alle bisherigen Spender*innen! Bisher sind 2.410 \u20ac Spendengelder eingegangen, auch Sachspenden in Form von bereitgestellten Containern! Die Entr\u00fcppelung des zuk\u00fcnftigen Schulgartens geht voran. Schauen Sie gern bei einem Spaziergang mal vorbei.<\/p><\/div>\n\n\n\n<div class=\"wp-block-stackable-text stk-block-text stk-block stk-55376d0\" data-block-id=\"55376d0\"><p class=\"stk-block-text__text\">Aber &#8211; Es reicht noch lange nicht!<\/p><\/div>\n\n\n\n<div class=\"wp-block-stackable-text stk-block-text stk-block stk-f6fb9c3\" data-block-id=\"f6fb9c3\"><p class=\"stk-block-text__text\">Mindestens 6 bis 8 Container Bauschutt m\u00fcssen noch abtransportiert werden. Daf\u00fcr werden weitere finanzielle Mittel ben\u00f6tigt! Jede kleine Spende hilft! Haben Sie au\u00dferdem Kontakt zu Firmen, die das Projekt Schulgarten finanziell unterst\u00fctzen m\u00f6chten, leiten Sie gern unsere Kontaktdaten weiter!<\/p><\/div>\n\n\n\n<div class=\"wp-block-stackable-text stk-block-text stk-block stk-1f18a12\" data-block-id=\"1f18a12\"><p class=\"stk-block-text__text\">Spenden in jeder H\u00f6he k\u00f6nnen gern auf das Konto des F\u00f6rdervereins<\/p><\/div>\n\n\n\n<div class=\"wp-block-stackable-text stk-block-text stk-block stk-3c05655\" data-block-id=\"3c05655\"><p class=\"stk-block-text__text\">IBAN: DE72 8105 3272 0641 0393 36 unter dem<br>&nbsp;&nbsp;&nbsp;&nbsp; Verwendungszweck \u201eSchulgarten\u201c<\/p><\/div>\n\n\n\n<div class=\"wp-block-stackable-text stk-block-text stk-block stk-ea64777\" data-block-id=\"ea64777\"><p class=\"stk-block-text__text\">\u00fcberwiesen werden. Bei Bedarf stellt der F\u00f6rderverein eine Spendenquittung aus.<\/p><\/div>\n\n\n\n<div class=\"wp-block-stackable-text stk-block-text stk-block stk-72e3d83\" data-block-id=\"72e3d83\"><p class=\"stk-block-text__text\">Herzlichen Dank!<\/p><\/div>\n\n\n\n<div class=\"wp-block-stackable-text stk-block-text stk-block stk-0027587\" data-block-id=\"0027587\"><p class=\"stk-block-text__text\">Im Namen der Sch\u00fcler und Sch\u00fclerinnen, der Lehrkr\u00e4fte und des F\u00f6rdervereins<\/p><\/div>\n\n\n\n<div class=\"wp-block-stackable-text stk-block-text stk-block stk-c4bb10c\" data-block-id=\"c4bb10c\"><p class=\"stk-block-text__text\">Wir werden unterst\u00fctzt durch:<br>&#8211; Marius und J\u00f6rg Buchwitz (Steuerberater),<br>&#8211; GOB Steuerberatung Zweigniederlassung Magdeburg,<br>&#8211; REMONDIS Sachsen-Anhalt GmbH,<br>&#8211; MDCC Magdeburg-City-Com GmbH,<br>&#8211; AM Immobilien,<br>&#8211; Geistlinger Abbruch und Erdarbeiten<\/p><\/div>\n<\/div><\/div><\/div>\n<\/div><\/div><\/div>\n","protected":false},"excerpt":{"rendered":"<p>Unser F\u00f6rderverein Seit dem April 2016 existiert der F\u00f6rderverein unserer Editha-Gymnasiums und hat das Ziel, das Schulleben noch sch\u00f6ner zu machen. Weiter Informationen finden Sie in unserem Flyer (flyer.pdf) oder auf&nbsp;http:\/\/fv-editha-gymnasium.de\/. Wenn auch Sie uns unterst\u00fctzen wollen, nutzen Sie&nbsp;unser Antragsformular:&nbsp;antrag.pdf Einfach ausdrucken, ausf\u00fcllen, unterschreiben und in der Schule einreichen. (Hinweis: Das heruntergeladene PDF-Dokument kann auch&hellip;&nbsp;<a href=\"https:\/\/editha-dev.bruchstudios.de\/index.php\/foerderverein\/\" rel=\"bookmark\">Weiterlesen &raquo;<span class=\"screen-reader-text\">F\u00f6rderverein<\/span><\/a><\/p>\n","protected":false},"author":1,"featured_media":0,"parent":0,"menu_order":0,"comment_status":"closed","ping_status":"closed","template":"","meta":{"_eb_attr":"","neve_meta_sidebar":"","neve_meta_container":"","neve_meta_enable_content_width":"","neve_meta_content_width":0,"neve_meta_title_alignment":"","neve_meta_author_avatar":"","neve_post_elements_order":"","neve_meta_disable_header":"","neve_meta_disable_footer":"","neve_meta_disable_title":"","footnotes":""},"class_list":["post-90","page","type-page","status-publish","hentry"],"aioseo_notices":[],"_links":{"self":[{"href":"https:\/\/editha-dev.bruchstudios.de\/index.php\/wp-json\/wp\/v2\/pages\/90","targetHints":{"allow":["GET"]}}],"collection":[{"href":"https:\/\/editha-dev.bruchstudios.de\/index.php\/wp-json\/wp\/v2\/pages"}],"about":[{"href":"https:\/\/editha-dev.bruchstudios.de\/index.php\/wp-json\/wp\/v2\/types\/page"}],"author":[{"embeddable":true,"href":"https:\/\/editha-dev.bruchstudios.de\/index.php\/wp-json\/wp\/v2\/users\/1"}],"replies":[{"embeddable":true,"href":"https:\/\/editha-dev.bruchstudios.de\/index.php\/wp-json\/wp\/v2\/comments?post=90"}],"version-history":[{"count":6,"href":"https:\/\/editha-dev.bruchstudios.de\/index.php\/wp-json\/wp\/v2\/pages\/90\/revisions"}],"predecessor-version":[{"id":688,"href":"https:\/\/editha-dev.bruchstudios.de\/index.php\/wp-json\/wp\/v2\/pages\/90\/revisions\/688"}],"wp:attachment":[{"href":"https:\/\/editha-dev.bruchstudios.de\/index.php\/wp-json\/wp\/v2\/media?parent=90"}],"curies":[{"name":"wp","href":"https:\/\/api.w.org\/{rel}","templated":true}]}}