{"id":514,"date":"2023-11-01T17:37:00","date_gmt":"2023-11-01T16:37:00","guid":{"rendered":"https:\/\/editha-dev.bruchstudios.de\/?page_id=514"},"modified":"2023-11-01T18:05:20","modified_gmt":"2023-11-01T17:05:20","slug":"spanisch","status":"publish","type":"page","link":"https:\/\/editha-dev.bruchstudios.de\/index.php\/spanisch\/","title":{"rendered":"Spanisch"},"content":{"rendered":"\n<h1 class=\"wp-block-heading\">Fachschaft Spanisch<\/h1>\n\n\n\n<figure class=\"wp-block-image\"><a href=\"https:\/\/www.gym-editha.bildung-lsa.de\/dat\/cms1003288\/images\/Fachschaften\/fachschaft_spanisch.png\"><img decoding=\"async\" src=\"https:\/\/www.gym-editha.bildung-lsa.de\/cms\/thumbs.php?src=\/dat\/cms1003288\/images\/Fachschaften\/fachschaft_spanisch.png&amp;w=666\" alt=\"fachschaft_spanisch.png\" title=\"fachschaft_spanisch.png\"\/><\/a><\/figure>\n\n\n\n<p>(v.l.n.r.) Frau F\u00f6rster, Herr M\u00fcller, Herr Beyer, Frau Runge<\/p>\n\n\n\n<hr class=\"wp-block-separator has-alpha-channel-opacity\"\/>\n\n\n\n<h1 class=\"wp-block-heading\">Spanisch am Editha-Gymnasium<\/h1>\n\n\n\n<figure class=\"wp-block-image\"><img decoding=\"async\" src=\"https:\/\/www.gym-editha.bildung-lsa.de\/dat\/cms1003288\/images\/Spanisch\/spanisch.png\" alt=\"spanisch.png\" title=\"spanisch.png\"\/><\/figure>\n\n\n\n<figure class=\"wp-block-image\"><img decoding=\"async\" src=\"https:\/\/www.gym-editha.bildung-lsa.de\/dat\/cms1003288\/images\/Spanisch\/lehrer.png\" alt=\"lehrer.png\" title=\"lehrer.png\"\/><\/figure>\n\n\n\n<figure class=\"wp-block-image\"><a href=\"https:\/\/www.gym-editha.bildung-lsa.de\/dat\/cms1003288\/images\/Fachschaften\/arne1.png\"><img decoding=\"async\" src=\"https:\/\/www.gym-editha.bildung-lsa.de\/cms\/thumbs.php?src=\/dat\/cms1003288\/images\/Fachschaften\/arne1.png&amp;w=666\" alt=\"arne1.png\" title=\"arne1.png\"\/><\/a><\/figure>\n\n\n\n<figure class=\"wp-block-image\"><a href=\"https:\/\/www.gym-editha.bildung-lsa.de\/dat\/cms1003288\/images\/Fachschaften\/arne2.png\"><img decoding=\"async\" src=\"https:\/\/www.gym-editha.bildung-lsa.de\/cms\/thumbs.php?src=\/dat\/cms1003288\/images\/Fachschaften\/arne2.png&amp;w=666\" alt=\"arne2.png\" title=\"arne2.png\"\/><\/a><\/figure>\n\n\n\n<p>Hola, Buenos d\u00edas.<\/p>\n\n\n\n<p>Mein Name ist Tobias Beyer und ich bin nun seit meinem Referendariat an unserer Schule Lehrer f\u00fcr Sport und Spanisch.<br>Ich komme urspr\u00fcnglich aus dem Erzgebirge und hatte da bis zu meinem Abitur nichts mit Spanisch am Hut. Seit ich aber ein Work&amp;Travel Programm in Spanien gemacht habe, bin ich ein begeisterter Spanisch-Lerner. Ich habe danach in Leipzig mein Studium f\u00fcr Sport und Spanisch auf Lehramt begonnen und insgesamt fast drei Jahre in Spanien studiert, gelebt und gearbeitet. Nat\u00fcrlich durfte da eine S\u00fcdamerika-Reise, nach Kolumbien, nicht fehlen. Letzten Endes kenne ich aber Spanien fast besser als Deutschland und die n\u00e4chste Spanien-Reise ist sicher schon geplant.<br>La playa, el mar, las islas, las monta\u00f1as, el clima, la comida y el caf\u00e9\u2026hhhmmm\u2026son lo que me encanta! \uf04a \u00bfY t\u00fa?<\/p>\n\n\n\n<p>Ich hoffe, auch meine Lernenden so zu begeistern und freue mich auf einen gemeinsamen Unterricht.<\/p>\n\n\n\n<p>Muchos saludos,<br>Se\u00f1or Beyer<\/p>\n\n\n\n<hr class=\"wp-block-separator has-alpha-channel-opacity\"\/>\n\n\n\n<h1 class=\"wp-block-heading\">Einblicke in die zweite bzw. dritte Fremdsprache<\/h1>\n\n\n\n<figure class=\"wp-block-embed\"><div class=\"wp-block-embed__wrapper\">\nhttps:\/\/padlet.com\/ProfeFoerster\/3j8xqoi9pzltoeme\n<\/div><\/figure>\n\n\n\n<hr class=\"wp-block-separator has-alpha-channel-opacity\"\/>\n\n\n\n<h1 class=\"wp-block-heading\">Sch\u00fclerarbeiten<\/h1>\n\n\n\n<p>&#8222;Erstelle einen Flyer zu unserem Gymnasium&#8220; (zum Vergr\u00f6\u00dfern anklicken)<\/p>\n\n\n\n<figure class=\"wp-block-image\"><a href=\"https:\/\/www.gym-editha.bildung-lsa.de\/dat\/cms1003288\/images\/Spanisch\/schule.png\"><img decoding=\"async\" src=\"https:\/\/www.gym-editha.bildung-lsa.de\/cms\/thumbs.php?src=\/dat\/cms1003288\/images\/Spanisch\/schule.png&amp;h=120\" alt=\"\"\/><\/a><\/figure>\n\n\n\n<figure class=\"wp-block-image\"><a href=\"https:\/\/www.gym-editha.bildung-lsa.de\/dat\/cms1003288\/images\/Spanisch\/schule2.png\"><img decoding=\"async\" src=\"https:\/\/www.gym-editha.bildung-lsa.de\/cms\/thumbs.php?src=\/dat\/cms1003288\/images\/Spanisch\/schule2.png&amp;h=120\" alt=\"\"\/><\/a><\/figure>\n\n\n\n<hr class=\"wp-block-separator has-alpha-channel-opacity\"\/>\n\n\n\n<h1 class=\"wp-block-heading\">Projekt &#8222;Film ab!&#8220;<\/h1>\n\n\n\n<figure class=\"wp-block-embed\"><div class=\"wp-block-embed__wrapper\">\nhttps:\/\/padlet.com\/ProfeFoerster\/film-ab-uztry1y6puxbos9n\n<\/div><\/figure>\n\n\n\n<figure class=\"wp-block-image\"><img decoding=\"async\" src=\"https:\/\/www.gym-editha.bildung-lsa.de\/dat\/cms1003288\/images\/qr_code_film_ab.png\" alt=\"qr_code_film_ab.png\" title=\"qr_code_film_ab.png\"\/><\/figure>\n","protected":false},"excerpt":{"rendered":"<p>Fachschaft Spanisch (v.l.n.r.) Frau F\u00f6rster, Herr M\u00fcller, Herr Beyer, Frau Runge Spanisch am Editha-Gymnasium Hola, Buenos d\u00edas. Mein Name ist Tobias Beyer und ich bin nun seit meinem Referendariat an unserer Schule Lehrer f\u00fcr Sport und Spanisch.Ich komme urspr\u00fcnglich aus dem Erzgebirge und hatte da bis zu meinem Abitur nichts mit Spanisch am Hut. Seit&hellip;&nbsp;<a href=\"https:\/\/editha-dev.bruchstudios.de\/index.php\/spanisch\/\" rel=\"bookmark\">Weiterlesen &raquo;<span class=\"screen-reader-text\">Spanisch<\/span><\/a><\/p>\n","protected":false},"author":1,"featured_media":0,"parent":0,"menu_order":0,"comment_status":"closed","ping_status":"closed","template":"","meta":{"_eb_attr":"","neve_meta_sidebar":"","neve_meta_container":"","neve_meta_enable_content_width":"","neve_meta_content_width":0,"neve_meta_title_alignment":"","neve_meta_author_avatar":"","neve_post_elements_order":"","neve_meta_disable_header":"","neve_meta_disable_footer":"","neve_meta_disable_title":"","footnotes":""},"class_list":["post-514","page","type-page","status-publish","hentry"],"aioseo_notices":[],"_links":{"self":[{"href":"https:\/\/editha-dev.bruchstudios.de\/index.php\/wp-json\/wp\/v2\/pages\/514","targetHints":{"allow":["GET"]}}],"collection":[{"href":"https:\/\/editha-dev.bruchstudios.de\/index.php\/wp-json\/wp\/v2\/pages"}],"about":[{"href":"https:\/\/editha-dev.bruchstudios.de\/index.php\/wp-json\/wp\/v2\/types\/page"}],"author":[{"embeddable":true,"href":"https:\/\/editha-dev.bruchstudios.de\/index.php\/wp-json\/wp\/v2\/users\/1"}],"replies":[{"embeddable":true,"href":"https:\/\/editha-dev.bruchstudios.de\/index.php\/wp-json\/wp\/v2\/comments?post=514"}],"version-history":[{"count":2,"href":"https:\/\/editha-dev.bruchstudios.de\/index.php\/wp-json\/wp\/v2\/pages\/514\/revisions"}],"predecessor-version":[{"id":581,"href":"https:\/\/editha-dev.bruchstudios.de\/index.php\/wp-json\/wp\/v2\/pages\/514\/revisions\/581"}],"wp:attachment":[{"href":"https:\/\/editha-dev.bruchstudios.de\/index.php\/wp-json\/wp\/v2\/media?parent=514"}],"curies":[{"name":"wp","href":"https:\/\/api.w.org\/{rel}","templated":true}]}}