{"id":511,"date":"2023-11-01T17:37:00","date_gmt":"2023-11-01T16:37:00","guid":{"rendered":"https:\/\/editha-dev.bruchstudios.de\/?page_id=511"},"modified":"2023-11-01T18:04:10","modified_gmt":"2023-11-01T17:04:10","slug":"psychologie","status":"publish","type":"page","link":"https:\/\/editha-dev.bruchstudios.de\/index.php\/psychologie\/","title":{"rendered":"Psychologie"},"content":{"rendered":"\n<h1 class=\"wp-block-heading\">Fachschaft Psychologie<\/h1>\n\n\n\n<p>\u00dcber Psychologen gibt es so viele Vorurteile. So meinen viele Menschen:<\/p>\n\n\n\n<p>Psychologen k\u00f6nnten jeden sofort durchschauen (stimmt nicht!).<br>Sie k\u00f6nnten andere manipulieren (stimmt manchmal, aber das tun nur wenige!).<br>Sie k\u00f6nnten das Verhalten von einzelnen und Gruppen erkl\u00e4ren (das stimmt oft!).<\/p>\n\n\n\n<p>Psychologie besch\u00e4ftigt sich mit dem Erleben und Verhalten von Menschen, sie betrifft also alle, deshalb ist sie so interessant!<\/p>\n\n\n\n<p>Im Unterricht nutzen wir verschiedene Arbeitsformen:<br>Grundlegend bleibt die Arbeit an und mit Fachtexten. Diese werden erg\u00e4nzt durch Fallbeispiele, Bilder und Filmausschnitte. Immer wieder gibt es auch die Gelegenheit, unmittelbares Erleben zum Ausgangspunkt f\u00fcr den Unterricht zu machen; wir f\u00fchren Experimente mit SuS als Versuchspersonen sowie Versuchsleitern durch und leiten \u00dcbungen und Erlebnisepisoden an. Wichtig ist auch das selbst\u00e4ndige Erarbeiten und Pr\u00e4sentieren in Kleingruppen.<\/p>\n\n\n\n<p><br>Das Fach Psychologie wird an unserer Schule ab der 9. Klasse als zweist\u00fcndiges Wahlpflichtfach angeboten.<\/p>\n\n\n\n<p>Das Fach Psychologie kann nur als m\u00fcndliches Pr\u00fcfungsfach im Rahmen der Abiturpr\u00fcfungen gew\u00e4hlt werden. Voraussetzung daf\u00fcr ist die durchg\u00e4ngige Belegung ab Klasse 10.<\/p>\n\n\n\n<figure class=\"wp-block-image\"><a href=\"https:\/\/www.gym-editha.bildung-lsa.de\/dat\/cms1003288\/images\/Fachschaften\/psychologie.jpg\"><img decoding=\"async\" src=\"https:\/\/www.gym-editha.bildung-lsa.de\/cms\/thumbs.php?src=\/dat\/cms1003288\/images\/Fachschaften\/psychologie.jpg&amp;w=666\" alt=\"psychologie.jpg\" title=\"psychologie.jpg\"\/><\/a><\/figure>\n\n\n\n<hr class=\"wp-block-separator has-alpha-channel-opacity\"\/>\n\n\n\n<h1 class=\"wp-block-heading\">Ziele des Psychologieunterrichts<\/h1>\n\n\n\n<p>Verschiedene Menschen f\u00fchlen und denken unterschiedlich, reagieren anders in bestimmten Situation. Manche Verhaltensweisen sind aber bei den meisten Menschen \u00e4hnlich. Psychologie versucht, diese Unterschiede und \u00c4hnlichkeiten zu erforschen und zu verstehen.<br>Ein anderes Ziel der Psychologie ist es auch, Menschen, die eigenes Erleben oder Verhalten als ein Problem empfinden, zu helfen. Die SuS besch\u00e4ftigen sich theoretisch und ansatzweise mit verschiedenen Therapiem\u00f6glichkeiten.<\/p>\n\n\n\n<p>Man muss kein Psychologe werden, um die Psychologie als Wissenschaft zu verstehen und vielleicht auch sich selbst und andere Menschen! Und das ist das Spannende an dem Fach!<\/p>\n\n\n\n<hr class=\"wp-block-separator has-alpha-channel-opacity\"\/>\n\n\n\n<h1 class=\"wp-block-heading\">Ausgew\u00e4hlte Themen in der 9. Klasse<\/h1>\n\n\n\n<ul class=\"wp-block-list\">\n<li>Richtungen der Psychologie: Tiefenpsychologie, Behaviorismus, Kognitivismus, Biopsychologie, Humanistische Psychologie<\/li>\n\n\n\n<li>Psychische Ph\u00e4nomene &#8211; Wie nehmen wir die Welt wahr? Wie funktioniert unser Ged\u00e4chtnis?<\/li>\n<\/ul>\n\n\n\n<hr class=\"wp-block-separator has-alpha-channel-opacity\"\/>\n\n\n\n<h1 class=\"wp-block-heading\">Ausgew\u00e4hlte Themen in der Einf\u00fchrungsphase (10. Klasse)<\/h1>\n\n\n\n<ul class=\"wp-block-list\">\n<li>Kommunikation: Woran kann es liegen, dass unsere Kommunikation mit anderen Menschen scheitert, und was k\u00f6nnen wir daf\u00fcr tun, dass sie gelingt?<\/li>\n\n\n\n<li>Gruppenprozesse: Wie verhalten sich Menschen in einer Gruppe? Warum verhalten sich viele Menschen in bestimmten Situationen gehorsam und sind sogar bereit, andere zu qu\u00e4len, w\u00e4hrend einige dabei nicht mitmachen?<\/li>\n<\/ul>\n\n\n\n<hr class=\"wp-block-separator has-alpha-channel-opacity\"\/>\n\n\n\n<h1 class=\"wp-block-heading\">Ausgew\u00e4hlte Themen in der Qualifikationsphase (11. und 12. Klasse)<\/h1>\n\n\n\n<ul class=\"wp-block-list\">\n<li>Entwicklungspsychologie: Welche Phasen durchlaufen Menschen in ihrer Entwicklung und welche St\u00f6rungen k\u00f6nnen dabei auftreten? Welche Entwicklungsaufgaben m\u00fcssen Jugendliche meistern, um gl\u00fccklich zu sein?<\/li>\n\n\n\n<li>Pers\u00f6nlichkeitspsychologie: Wie entsteht unsere Pers\u00f6nlichkeit und was beeinflusst sie? Was wissen wir \u00fcber die eigene Pers\u00f6nlichkeit und wie sehen uns andere Menschen? Wie kann man Pers\u00f6nlichkeit testen? Wie lernen Menschen?<\/li>\n\n\n\n<li>Klinische Psychologie: Was ist eine Angstst\u00f6rung und welche therapeutischen Angebote gibt es, um die unterschiedlichen Angstst\u00f6rungen erfolgreich zu behandeln?<\/li>\n\n\n\n<li>Sozialpsychologie: Wie entsteht aggressives Verhalten? Warum helfen wir anderen Menschen (nicht)?<\/li>\n<\/ul>\n","protected":false},"excerpt":{"rendered":"<p>Fachschaft Psychologie \u00dcber Psychologen gibt es so viele Vorurteile. So meinen viele Menschen: Psychologen k\u00f6nnten jeden sofort durchschauen (stimmt nicht!).Sie k\u00f6nnten andere manipulieren (stimmt manchmal, aber das tun nur wenige!).Sie k\u00f6nnten das Verhalten von einzelnen und Gruppen erkl\u00e4ren (das stimmt oft!). Psychologie besch\u00e4ftigt sich mit dem Erleben und Verhalten von Menschen, sie betrifft also alle,&hellip;&nbsp;<a href=\"https:\/\/editha-dev.bruchstudios.de\/index.php\/psychologie\/\" rel=\"bookmark\">Weiterlesen &raquo;<span class=\"screen-reader-text\">Psychologie<\/span><\/a><\/p>\n","protected":false},"author":1,"featured_media":0,"parent":0,"menu_order":0,"comment_status":"closed","ping_status":"closed","template":"","meta":{"_eb_attr":"","neve_meta_sidebar":"","neve_meta_container":"","neve_meta_enable_content_width":"","neve_meta_content_width":0,"neve_meta_title_alignment":"","neve_meta_author_avatar":"","neve_post_elements_order":"","neve_meta_disable_header":"","neve_meta_disable_footer":"","neve_meta_disable_title":"","footnotes":""},"class_list":["post-511","page","type-page","status-publish","hentry"],"aioseo_notices":[],"_links":{"self":[{"href":"https:\/\/editha-dev.bruchstudios.de\/index.php\/wp-json\/wp\/v2\/pages\/511","targetHints":{"allow":["GET"]}}],"collection":[{"href":"https:\/\/editha-dev.bruchstudios.de\/index.php\/wp-json\/wp\/v2\/pages"}],"about":[{"href":"https:\/\/editha-dev.bruchstudios.de\/index.php\/wp-json\/wp\/v2\/types\/page"}],"author":[{"embeddable":true,"href":"https:\/\/editha-dev.bruchstudios.de\/index.php\/wp-json\/wp\/v2\/users\/1"}],"replies":[{"embeddable":true,"href":"https:\/\/editha-dev.bruchstudios.de\/index.php\/wp-json\/wp\/v2\/comments?post=511"}],"version-history":[{"count":2,"href":"https:\/\/editha-dev.bruchstudios.de\/index.php\/wp-json\/wp\/v2\/pages\/511\/revisions"}],"predecessor-version":[{"id":578,"href":"https:\/\/editha-dev.bruchstudios.de\/index.php\/wp-json\/wp\/v2\/pages\/511\/revisions\/578"}],"wp:attachment":[{"href":"https:\/\/editha-dev.bruchstudios.de\/index.php\/wp-json\/wp\/v2\/media?parent=511"}],"curies":[{"name":"wp","href":"https:\/\/api.w.org\/{rel}","templated":true}]}}