{"id":510,"date":"2023-11-01T17:37:00","date_gmt":"2023-11-01T16:37:00","guid":{"rendered":"https:\/\/editha-dev.bruchstudios.de\/?page_id=510"},"modified":"2023-11-01T18:03:48","modified_gmt":"2023-11-01T17:03:48","slug":"pysik","status":"publish","type":"page","link":"https:\/\/editha-dev.bruchstudios.de\/index.php\/pysik\/","title":{"rendered":"Physik"},"content":{"rendered":"\n<h1 class=\"wp-block-heading\">Fachschaft Physik<\/h1>\n\n\n\n<figure class=\"wp-block-image\"><a href=\"https:\/\/www.gym-editha.bildung-lsa.de\/dat\/cms1003288\/images\/Fachschaften\/physik.jpg\"><img decoding=\"async\" src=\"https:\/\/www.gym-editha.bildung-lsa.de\/cms\/thumbs.php?src=\/dat\/cms1003288\/images\/Fachschaften\/physik.jpg&amp;w=666\" alt=\"physik.jpg\" title=\"physik.jpg\"\/><\/a><\/figure>\n\n\n\n<p>auf dem Foto: Herr Dettler, Herr Herms, Frau Dr. Waschipky, Frau Wenskat<\/p>\n\n\n\n<hr class=\"wp-block-separator has-alpha-channel-opacity\"\/>\n\n\n\n<h1 class=\"wp-block-heading\">Informationen rund ums Fach<\/h1>\n\n\n\n<figure class=\"wp-block-image\"><a href=\"https:\/\/www.gym-editha.bildung-lsa.de\/dat\/cms1003288\/images\/Fachschaften\/Physik\/flyer1.png\"><img decoding=\"async\" src=\"https:\/\/www.gym-editha.bildung-lsa.de\/cms\/thumbs.php?src=\/dat\/cms1003288\/images\/Fachschaften\/Physik\/flyer1.png&amp;w=666\" alt=\"flyer1.png\" title=\"flyer1.png\"\/><\/a><\/figure>\n\n\n\n<figure class=\"wp-block-image\"><a href=\"https:\/\/www.gym-editha.bildung-lsa.de\/dat\/cms1003288\/images\/Fachschaften\/Physik\/flyer2.png\"><img decoding=\"async\" src=\"https:\/\/www.gym-editha.bildung-lsa.de\/cms\/thumbs.php?src=\/dat\/cms1003288\/images\/Fachschaften\/Physik\/flyer2.png&amp;w=666\" alt=\"flyer2.png\" title=\"flyer2.png\"\/><\/a><\/figure>\n\n\n\n<p>Der Flyer zum Download:&nbsp;<a href=\"https:\/\/www.gym-editha.bildung-lsa.de\/dat\/cms1003288\/images\/Fachschaften\/Physik\/flyerph.pdf\">flyerph.pdf<\/a><\/p>\n\n\n\n<figure class=\"wp-block-image\"><a href=\"https:\/\/www.gym-editha.bildung-lsa.de\/dat\/cms1003288\/images\/Fachschaften\/Physik\/homepage1.png\"><img decoding=\"async\" src=\"https:\/\/www.gym-editha.bildung-lsa.de\/cms\/thumbs.php?src=\/dat\/cms1003288\/images\/Fachschaften\/Physik\/homepage1.png&amp;h=120\" alt=\"\"\/><\/a><\/figure>\n\n\n\n<figure class=\"wp-block-image\"><a href=\"https:\/\/www.gym-editha.bildung-lsa.de\/dat\/cms1003288\/images\/Fachschaften\/Physik\/homepage2.png\"><img decoding=\"async\" src=\"https:\/\/www.gym-editha.bildung-lsa.de\/cms\/thumbs.php?src=\/dat\/cms1003288\/images\/Fachschaften\/Physik\/homepage2.png&amp;h=120\" alt=\"\"\/><\/a><\/figure>\n\n\n\n<figure class=\"wp-block-image\"><a href=\"https:\/\/www.gym-editha.bildung-lsa.de\/dat\/cms1003288\/images\/Fachschaften\/Physik\/homepage3.png\"><img decoding=\"async\" src=\"https:\/\/www.gym-editha.bildung-lsa.de\/cms\/thumbs.php?src=\/dat\/cms1003288\/images\/Fachschaften\/Physik\/homepage3.png&amp;h=120\" alt=\"\"\/><\/a><\/figure>\n\n\n\n<figure class=\"wp-block-image\"><a href=\"https:\/\/www.gym-editha.bildung-lsa.de\/dat\/cms1003288\/images\/Fachschaften\/Physik\/homepage4.png\"><img decoding=\"async\" src=\"https:\/\/www.gym-editha.bildung-lsa.de\/cms\/thumbs.php?src=\/dat\/cms1003288\/images\/Fachschaften\/Physik\/homepage4.png&amp;h=120\" alt=\"\"\/><\/a><\/figure>\n\n\n\n<figure class=\"wp-block-image\"><a href=\"https:\/\/www.gym-editha.bildung-lsa.de\/dat\/cms1003288\/images\/Fachschaften\/Physik\/homepage5.png\"><img decoding=\"async\" src=\"https:\/\/www.gym-editha.bildung-lsa.de\/cms\/thumbs.php?src=\/dat\/cms1003288\/images\/Fachschaften\/Physik\/homepage5.png&amp;h=120\" alt=\"\"\/><\/a><\/figure>\n\n\n\n<figure class=\"wp-block-image\"><a href=\"https:\/\/www.gym-editha.bildung-lsa.de\/dat\/cms1003288\/images\/Fachschaften\/Physik\/lehrwerke6.png\"><img decoding=\"async\" src=\"https:\/\/www.gym-editha.bildung-lsa.de\/cms\/thumbs.php?src=\/dat\/cms1003288\/images\/Fachschaften\/Physik\/lehrwerke6.png&amp;h=120\" alt=\"\"\/><\/a><\/figure>\n\n\n\n<p><a href=\"https:\/\/www.gym-editha.bildung-lsa.de\/dat\/cms1003288\/images\/Fachschaften\/Physik\/homepage3.png\"><\/a>&nbsp;&nbsp;&nbsp;<\/p>\n\n\n\n<hr class=\"wp-block-separator has-alpha-channel-opacity\"\/>\n\n\n\n<h1 class=\"wp-block-heading\">F\u00fcr interessierte Sch\u00fclerInnen &#8211; Webakademie<\/h1>\n\n\n\n<p>&nbsp;Interessierte Sch\u00fclerInnen k\u00f6nnen gerne bei der Webakademie vorbei schauen:<\/p>\n\n\n\n<figure class=\"wp-block-embed\"><div class=\"wp-block-embed__wrapper\">\nhttps:\/\/moodle.bildung-lsa.de\/webakademie\/\n<\/div><\/figure>\n\n\n\n<p>Zum Anmelden k\u00f6nnt ihr euer Interesse per E-Mail an&nbsp;<a href=\"mailto:lisa-webakademie@sachsen-anhalt.de\">lisa-webakademie@sachsen-anhalt.de<\/a>&nbsp;senden.<\/p>\n","protected":false},"excerpt":{"rendered":"<p>Fachschaft Physik auf dem Foto: Herr Dettler, Herr Herms, Frau Dr. Waschipky, Frau Wenskat Informationen rund ums Fach Der Flyer zum Download:&nbsp;flyerph.pdf &nbsp;&nbsp;&nbsp; F\u00fcr interessierte Sch\u00fclerInnen &#8211; Webakademie &nbsp;Interessierte Sch\u00fclerInnen k\u00f6nnen gerne bei der Webakademie vorbei schauen: Zum Anmelden k\u00f6nnt ihr euer Interesse per E-Mail an&nbsp;lisa-webakademie@sachsen-anhalt.de&nbsp;senden.<\/p>\n","protected":false},"author":1,"featured_media":0,"parent":0,"menu_order":0,"comment_status":"closed","ping_status":"closed","template":"","meta":{"_eb_attr":"","neve_meta_sidebar":"","neve_meta_container":"","neve_meta_enable_content_width":"","neve_meta_content_width":0,"neve_meta_title_alignment":"","neve_meta_author_avatar":"","neve_post_elements_order":"","neve_meta_disable_header":"","neve_meta_disable_footer":"","neve_meta_disable_title":"","footnotes":""},"class_list":["post-510","page","type-page","status-publish","hentry"],"aioseo_notices":[],"_links":{"self":[{"href":"https:\/\/editha-dev.bruchstudios.de\/index.php\/wp-json\/wp\/v2\/pages\/510","targetHints":{"allow":["GET"]}}],"collection":[{"href":"https:\/\/editha-dev.bruchstudios.de\/index.php\/wp-json\/wp\/v2\/pages"}],"about":[{"href":"https:\/\/editha-dev.bruchstudios.de\/index.php\/wp-json\/wp\/v2\/types\/page"}],"author":[{"embeddable":true,"href":"https:\/\/editha-dev.bruchstudios.de\/index.php\/wp-json\/wp\/v2\/users\/1"}],"replies":[{"embeddable":true,"href":"https:\/\/editha-dev.bruchstudios.de\/index.php\/wp-json\/wp\/v2\/comments?post=510"}],"version-history":[{"count":2,"href":"https:\/\/editha-dev.bruchstudios.de\/index.php\/wp-json\/wp\/v2\/pages\/510\/revisions"}],"predecessor-version":[{"id":577,"href":"https:\/\/editha-dev.bruchstudios.de\/index.php\/wp-json\/wp\/v2\/pages\/510\/revisions\/577"}],"wp:attachment":[{"href":"https:\/\/editha-dev.bruchstudios.de\/index.php\/wp-json\/wp\/v2\/media?parent=510"}],"curies":[{"name":"wp","href":"https:\/\/api.w.org\/{rel}","templated":true}]}}