{"id":497,"date":"2023-11-01T17:37:00","date_gmt":"2023-11-01T16:37:00","guid":{"rendered":"https:\/\/editha-dev.bruchstudios.de\/?page_id=497"},"modified":"2023-11-01T17:58:08","modified_gmt":"2023-11-01T16:58:08","slug":"biologie","status":"publish","type":"page","link":"https:\/\/editha-dev.bruchstudios.de\/index.php\/biologie\/","title":{"rendered":"Biologie"},"content":{"rendered":"\n<h1 class=\"wp-block-heading\">Fachschaft Biologie<\/h1>\n\n\n\n<p><a href=\"https:\/\/www.gym-editha.bildung-lsa.de\/dat\/cms1003288\/images\/Fachschaften\/biologie.jpg\"><\/a>v.l.n.r: Frau Kromuszczynski, Frau von Hagen, Frau Niesporek, Frau Egerland<\/p>\n\n\n\n<hr class=\"wp-block-separator has-alpha-channel-opacity\"\/>\n\n\n\n<h1 class=\"wp-block-heading\">Wie funktioniert das Leben?<\/h1>\n\n\n\n<p>Dieser Frage stellt sich die Naturwissenschaft Biologie. Seit Jahrtausenden forschen Wissenschaftler ununterbrochen an den wichtigsten Fragen des Lebens, um den Aufbau der Natur besser zu verstehen. Ohne diese gewonnenen Erkenntnisse w\u00e4re das Leben, so wie wir es kennen, nicht m\u00f6glich. Nat\u00fcrlich sind besonders Medizin und Pharmazie eng mit der Biologie gekoppelt, aber auch Architektur, Kunst oder Technik w\u00e4ren ohne biologische Einfl\u00fcsse weniger vielf\u00e4ltig.<br>Das biologische Wissen und die Kompetenzen, die im Biologieunterricht entwickelt werden, erm\u00f6glichen es, ein besseres Verst\u00e4ndnis f\u00fcr die lebende und materielle Umwelt zu erlangen. Der Weg der Erkenntnisgewinnung hilft bei naturwissenschaftlichen Probleml\u00f6sungen und dabei, technische Entwicklungen nachzuvollziehen. Die Kombination verschiedener biologischer Arbeitsweisen, dazu geh\u00f6ren z.B. Experimente, das Mikroskopieren und Beobachtungen, in Verbindung mit theoretischen Inhalten erm\u00f6glichen einen abwechslungsreichen, sch\u00fclerorientierten und spannenden Unterricht.<br>Die Verkn\u00fcpfung mit anderen Natur- und Geisteswissenschaften schafft die Biologie wie kein anderes Fach. Ob nun die Erziehung zu einem nachhaltigen Umgang mit unserer Umwelt, Hilfe beim Verstehen der aktuellen Pandemie, eine kriterienorientierte Bewertung von Gentechnik oder ethische Konflikte, wie Impfpflicht oder pr\u00e4natale Diagnostik, diese f\u00e4cher\u00fcbergreifenden Thematiken geh\u00f6ren genauso zum Biologieunterricht wie das Fachwissen \u00fcber physiologische Prozesse in Pflanzen und Tieren.<\/p>\n\n\n\n<hr class=\"wp-block-separator has-alpha-channel-opacity\"\/>\n\n\n\n<h1 class=\"wp-block-heading\">Sch\u00fcler \u00fcber Biologie<\/h1>\n\n\n\n<p>Die Sch\u00fcler haben ihre Gedanken zu Biologie und besonders dem Biologie-Unterricht am Editha zusammengefasst.<\/p>\n\n\n\n<figure class=\"wp-block-image\"><a href=\"https:\/\/www.gym-editha.bildung-lsa.de\/dat\/cms1003288\/images\/Fachschaften\/Bio\/collage_1.jpg\"><img decoding=\"async\" src=\"https:\/\/www.gym-editha.bildung-lsa.de\/cms\/thumbs.php?src=\/dat\/cms1003288\/images\/Fachschaften\/Bio\/collage_1.jpg&amp;h=120\" alt=\"\"\/><\/a><\/figure>\n\n\n\n<figure class=\"wp-block-image\"><a href=\"https:\/\/www.gym-editha.bildung-lsa.de\/dat\/cms1003288\/images\/Fachschaften\/Bio\/collage_5.jpg\"><img decoding=\"async\" src=\"https:\/\/www.gym-editha.bildung-lsa.de\/cms\/thumbs.php?src=\/dat\/cms1003288\/images\/Fachschaften\/Bio\/collage_5.jpg&amp;h=120\" alt=\"\"\/><\/a><\/figure>\n\n\n\n<figure class=\"wp-block-image\"><a href=\"https:\/\/www.gym-editha.bildung-lsa.de\/dat\/cms1003288\/images\/Fachschaften\/Bio\/collage_4.jpg\"><img decoding=\"async\" src=\"https:\/\/www.gym-editha.bildung-lsa.de\/cms\/thumbs.php?src=\/dat\/cms1003288\/images\/Fachschaften\/Bio\/collage_4.jpg&amp;h=120\" alt=\"\"\/><\/a><\/figure>\n\n\n\n<figure class=\"wp-block-image\"><a href=\"https:\/\/www.gym-editha.bildung-lsa.de\/dat\/cms1003288\/images\/Fachschaften\/Bio\/collage_2.jpg\"><img decoding=\"async\" src=\"https:\/\/www.gym-editha.bildung-lsa.de\/cms\/thumbs.php?src=\/dat\/cms1003288\/images\/Fachschaften\/Bio\/collage_2.jpg&amp;h=120\" alt=\"\"\/><\/a><\/figure>\n\n\n\n<figure class=\"wp-block-image\"><a href=\"https:\/\/www.gym-editha.bildung-lsa.de\/dat\/cms1003288\/images\/Fachschaften\/Bio\/collage_6.jpg\"><img decoding=\"async\" src=\"https:\/\/www.gym-editha.bildung-lsa.de\/cms\/thumbs.php?src=\/dat\/cms1003288\/images\/Fachschaften\/Bio\/collage_6.jpg&amp;h=120\" alt=\"\"\/><\/a><\/figure>\n\n\n\n<figure class=\"wp-block-image\"><a href=\"https:\/\/www.gym-editha.bildung-lsa.de\/dat\/cms1003288\/images\/Fachschaften\/Bio\/collage_7.jpg\"><img decoding=\"async\" src=\"https:\/\/www.gym-editha.bildung-lsa.de\/cms\/thumbs.php?src=\/dat\/cms1003288\/images\/Fachschaften\/Bio\/collage_7.jpg&amp;h=120\" alt=\"\"\/><\/a><\/figure>\n\n\n\n<figure class=\"wp-block-image\"><a href=\"https:\/\/www.gym-editha.bildung-lsa.de\/dat\/cms1003288\/images\/Fachschaften\/Bio\/collage_3.jpg\"><img decoding=\"async\" src=\"https:\/\/www.gym-editha.bildung-lsa.de\/cms\/thumbs.php?src=\/dat\/cms1003288\/images\/Fachschaften\/Bio\/collage_3.jpg&amp;h=120\" alt=\"\"\/><\/a><\/figure>\n\n\n\n<p><a href=\"https:\/\/www.gym-editha.bildung-lsa.de\/dat\/cms1003288\/images\/Fachschaften\/Bio\/collage_2.jpg\"><\/a>&nbsp;&nbsp;<\/p>\n","protected":false},"excerpt":{"rendered":"<p>Fachschaft Biologie v.l.n.r: Frau Kromuszczynski, Frau von Hagen, Frau Niesporek, Frau Egerland Wie funktioniert das Leben? Dieser Frage stellt sich die Naturwissenschaft Biologie. Seit Jahrtausenden forschen Wissenschaftler ununterbrochen an den wichtigsten Fragen des Lebens, um den Aufbau der Natur besser zu verstehen. Ohne diese gewonnenen Erkenntnisse w\u00e4re das Leben, so wie wir es kennen, nicht&hellip;&nbsp;<a href=\"https:\/\/editha-dev.bruchstudios.de\/index.php\/biologie\/\" rel=\"bookmark\">Weiterlesen &raquo;<span class=\"screen-reader-text\">Biologie<\/span><\/a><\/p>\n","protected":false},"author":1,"featured_media":0,"parent":0,"menu_order":0,"comment_status":"closed","ping_status":"closed","template":"","meta":{"_eb_attr":"","neve_meta_sidebar":"","neve_meta_container":"","neve_meta_enable_content_width":"","neve_meta_content_width":0,"neve_meta_title_alignment":"","neve_meta_author_avatar":"","neve_post_elements_order":"","neve_meta_disable_header":"","neve_meta_disable_footer":"","neve_meta_disable_title":"","footnotes":""},"class_list":["post-497","page","type-page","status-publish","hentry"],"aioseo_notices":[],"_links":{"self":[{"href":"https:\/\/editha-dev.bruchstudios.de\/index.php\/wp-json\/wp\/v2\/pages\/497","targetHints":{"allow":["GET"]}}],"collection":[{"href":"https:\/\/editha-dev.bruchstudios.de\/index.php\/wp-json\/wp\/v2\/pages"}],"about":[{"href":"https:\/\/editha-dev.bruchstudios.de\/index.php\/wp-json\/wp\/v2\/types\/page"}],"author":[{"embeddable":true,"href":"https:\/\/editha-dev.bruchstudios.de\/index.php\/wp-json\/wp\/v2\/users\/1"}],"replies":[{"embeddable":true,"href":"https:\/\/editha-dev.bruchstudios.de\/index.php\/wp-json\/wp\/v2\/comments?post=497"}],"version-history":[{"count":3,"href":"https:\/\/editha-dev.bruchstudios.de\/index.php\/wp-json\/wp\/v2\/pages\/497\/revisions"}],"predecessor-version":[{"id":756,"href":"https:\/\/editha-dev.bruchstudios.de\/index.php\/wp-json\/wp\/v2\/pages\/497\/revisions\/756"}],"wp:attachment":[{"href":"https:\/\/editha-dev.bruchstudios.de\/index.php\/wp-json\/wp\/v2\/media?parent=497"}],"curies":[{"name":"wp","href":"https:\/\/api.w.org\/{rel}","templated":true}]}}