{"id":184,"date":"2023-09-24T12:01:50","date_gmt":"2023-09-24T10:01:50","guid":{"rendered":"https:\/\/editha-dev.bruchstudios.de\/?page_id=184"},"modified":"2023-09-24T12:05:46","modified_gmt":"2023-09-24T10:05:46","slug":"informatives","status":"publish","type":"page","link":"https:\/\/editha-dev.bruchstudios.de\/index.php\/informatives\/","title":{"rendered":"Informatives"},"content":{"rendered":"\n<h1 class=\"wp-block-heading\">Allgemeines<\/h1>\n\n\n\n<p>Das Editha-Gymnasium ist ein allgemeinbildendes Gymnasium in Magdeburg.<\/p>\n\n\n\n<p>Aktuell werden bei uns Sch\u00fcler und Sch\u00fclerinnen in den Fremdsprachen Englisch (ab Klasse 5) sowie Franz\u00f6sisch, Spanisch und Latein (ab Klasse 7) unterrichtet.<\/p>\n\n\n\n<p>Ab Klasse 9 k\u00f6nnen die Sch\u00fcler und Sch\u00fclerinnen zwischen den Wahlkursen Psychologie, Wirtschaft, Informatik und Philosophie w\u00e4hlen.<\/p>\n\n\n\n<hr class=\"wp-block-separator has-alpha-channel-opacity\"\/>\n\n\n\n<h1 class=\"wp-block-heading\">TheA-Modell<\/h1>\n\n\n\n<p>Neben dem Fachunterricht besuchen die Sch\u00fcler und Sch\u00fclerinnen der Klassen 5,6 und 10 den TheA-Unterricht. In diesem liegt der Schwerpunkt zun\u00e4chst auf der St\u00e4rkung der Klassengemeinschaft, der Pers\u00f6nlichkeitsentwicklung, den Lernmethoden und dem Medienumgang. In sp\u00e4teren Jahrg\u00e4ngen liegt das Agieren in einer digitalen Welt und wissenschaftliches Arbeiten im Fokus.<\/p>\n\n\n\n<hr class=\"wp-block-separator has-alpha-channel-opacity\"\/>\n\n\n\n<h1 class=\"wp-block-heading\">Aktuelle Unterrichtszeiten<\/h1>\n\n\n\n<figure class=\"wp-block-table\"><table><tbody><tr><td><strong>Stunde<\/strong><\/td><td><strong>Zeit<\/strong><\/td><\/tr><tr><td>1<\/td><td>7:50 Uhr bis 8:35 Uhr<\/td><\/tr><tr><td>2<\/td><td>8:35 Uhr bis 9:20 Uhr<\/td><\/tr><tr><td>3<\/td><td>9:50 Uhr bis 10:35 Uhr<\/td><\/tr><tr><td>4<\/td><td>10:40 Uhr bis 11:25 Uhr<\/td><\/tr><tr><td>5<\/td><td>12:20 Uhr bis 13:05 Uhr<\/td><\/tr><tr><td>6<\/td><td>13:10 Uhr bis 13:55 Uhr<\/td><\/tr><tr><td>7<\/td><td>14:05 Uhr bis 14:50 Uhr<\/td><\/tr><tr><td>8<\/td><td>14:50 Uhr bis 15:35 Uhr<\/td><\/tr><tr><td>9<\/td><td>15:45 Uhr bis 16:30 Uhr<\/td><\/tr><tr><td>10<\/td><td>16:30 Uhr bis 17:15 Uhr<\/td><\/tr><\/tbody><\/table><\/figure>\n","protected":false},"excerpt":{"rendered":"<p>Allgemeines Das Editha-Gymnasium ist ein allgemeinbildendes Gymnasium in Magdeburg. Aktuell werden bei uns Sch\u00fcler und Sch\u00fclerinnen in den Fremdsprachen Englisch (ab Klasse 5) sowie Franz\u00f6sisch, Spanisch und Latein (ab Klasse 7) unterrichtet. Ab Klasse 9 k\u00f6nnen die Sch\u00fcler und Sch\u00fclerinnen zwischen den Wahlkursen Psychologie, Wirtschaft, Informatik und Philosophie w\u00e4hlen. TheA-Modell Neben dem Fachunterricht besuchen die&hellip;&nbsp;<a href=\"https:\/\/editha-dev.bruchstudios.de\/index.php\/informatives\/\" rel=\"bookmark\">Weiterlesen &raquo;<span class=\"screen-reader-text\">Informatives<\/span><\/a><\/p>\n","protected":false},"author":1,"featured_media":0,"parent":0,"menu_order":0,"comment_status":"closed","ping_status":"closed","template":"","meta":{"_eb_attr":"","neve_meta_sidebar":"","neve_meta_container":"","neve_meta_enable_content_width":"","neve_meta_content_width":0,"neve_meta_title_alignment":"","neve_meta_author_avatar":"","neve_post_elements_order":"","neve_meta_disable_header":"","neve_meta_disable_footer":"","neve_meta_disable_title":"","footnotes":""},"class_list":["post-184","page","type-page","status-publish","hentry"],"aioseo_notices":[],"_links":{"self":[{"href":"https:\/\/editha-dev.bruchstudios.de\/index.php\/wp-json\/wp\/v2\/pages\/184","targetHints":{"allow":["GET"]}}],"collection":[{"href":"https:\/\/editha-dev.bruchstudios.de\/index.php\/wp-json\/wp\/v2\/pages"}],"about":[{"href":"https:\/\/editha-dev.bruchstudios.de\/index.php\/wp-json\/wp\/v2\/types\/page"}],"author":[{"embeddable":true,"href":"https:\/\/editha-dev.bruchstudios.de\/index.php\/wp-json\/wp\/v2\/users\/1"}],"replies":[{"embeddable":true,"href":"https:\/\/editha-dev.bruchstudios.de\/index.php\/wp-json\/wp\/v2\/comments?post=184"}],"version-history":[{"count":3,"href":"https:\/\/editha-dev.bruchstudios.de\/index.php\/wp-json\/wp\/v2\/pages\/184\/revisions"}],"predecessor-version":[{"id":253,"href":"https:\/\/editha-dev.bruchstudios.de\/index.php\/wp-json\/wp\/v2\/pages\/184\/revisions\/253"}],"wp:attachment":[{"href":"https:\/\/editha-dev.bruchstudios.de\/index.php\/wp-json\/wp\/v2\/media?parent=184"}],"curies":[{"name":"wp","href":"https:\/\/api.w.org\/{rel}","templated":true}]}}