{"id":144,"date":"2023-09-24T10:56:37","date_gmt":"2023-09-24T08:56:37","guid":{"rendered":"https:\/\/editha-dev.bruchstudios.de\/?page_id=144"},"modified":"2023-11-01T17:50:12","modified_gmt":"2023-11-01T16:50:12","slug":"schulelterntrat","status":"publish","type":"page","link":"https:\/\/editha-dev.bruchstudios.de\/index.php\/schulelterntrat\/","title":{"rendered":"Schulelterntrat"},"content":{"rendered":"\n<h1 class=\"wp-block-heading\">Herzlich Willkommen auf unserer Schulelternratsseite.<\/h1>\n\n\n\n<p>Liebe Eltern, Erziehungsberechtigte und Interessierte!<\/p>\n\n\n\n<p><br>Herzlich Willkommen auf unserer Schulelternratsseite.<\/p>\n\n\n\n<p><br>Der Schulelternrat (kurz SER) ist der Knotenpunkt in der Elternarbeit einer Schule. Er besch\u00e4ftigt sich mit Fragen, die f\u00fcr die Elternschaft unseres Gymnasiums wichtig sind.<\/p>\n\n\n\n<p><br>Wir freuen uns \u00fcber alle interessierten und engagierten Eltern an unserer Schule sowie auf Beitr\u00e4ge, konstruktive Kritik und aktuelle Informationen aus der Elternschaft.<\/p>\n\n\n\n<p><br>Kontakt zum Vorstand des Schulelternrates<br>schulelternrat@gym-editha.bildung-lsa.de<\/p>\n\n\n\n<p><br>Der Schulelternrat des Edithagymnasiums setzt sich aus den Vorsitzenden der Klassenelternvertretungen aller Klassen der Klassenstufen 5-12 zusammen und vertritt die Interessen der Elternschaft gegen\u00fcber der Schulleitung, Schulbeh\u00f6rden und dem Schultr\u00e4ger.<br>Aus deren Mitte wird der Vorstand des Schulelternrates gebildet.<\/p>\n\n\n\n<p><br>1. Vorsitzender: Frau J\u00f6rdis Ludwig<br>2. stellvertretende Vorsitzende: Frau Beate Wittkamp<\/p>\n\n\n\n<p><br>Mitglied im Stadtelternrat: Frau J\u00f6rdis Ludwig<\/p>\n\n\n\n<p>Der Schulelternrat w\u00e4hlt zudem aus seiner Mitte f\u00fcr jeweils 2 Jahre acht Elternvertreter f\u00fcr die Teilnahme an der Gesamtkonferenz.<\/p>\n\n\n\n<p><br>Die Gesamtkonferenz findet einmal im Halbjahr statt.<\/p>\n\n\n\n<p><br>Mitglieder der Gesamtkonferenz f\u00fcr die Schuljahre 22\/23 und 23\/24:<\/p>\n\n\n\n<p>Jahrgang 5<\/p>\n\n\n\n<p>Jahrgang 6 Herr Oferta<br>Jahrgang 7 Frau Levin<br>Jahrgang 8 Frau Werlitz<br>Jahrgang 9 Frau Hilgers<br>Jahrgang 10 Frau M\u00fcggenburg<br>Jahrgang 11 Frau Ludwig<br>Jahrgang 12 Herr Rebon\u00e9<\/p>\n\n\n\n<p><\/p>\n\n\n\n<h1 class=\"wp-block-heading\">Erreichbarkeit des Schulelternrats<\/h1>\n\n\n\n<p>Der Schulelternrat ist ab sofort unter&nbsp;<a href=\"mailto:schulelternrat@gym-editha.bildung-lsa.de\">schulelternrat@gym-editha.bildung-lsa.de<\/a>&nbsp;zu erreichen.<\/p>\n\n\n\n<p>Weitere Informationen finden Sie unter der Rubrik &#8222;Das sind wir&#8220; &#8211; Schulelternrat.<\/p>\n","protected":false},"excerpt":{"rendered":"<p>Herzlich Willkommen auf unserer Schulelternratsseite. Liebe Eltern, Erziehungsberechtigte und Interessierte! Herzlich Willkommen auf unserer Schulelternratsseite. Der Schulelternrat (kurz SER) ist der Knotenpunkt in der Elternarbeit einer Schule. Er besch\u00e4ftigt sich mit Fragen, die f\u00fcr die Elternschaft unseres Gymnasiums wichtig sind. Wir freuen uns \u00fcber alle interessierten und engagierten Eltern an unserer Schule sowie auf Beitr\u00e4ge,&hellip;&nbsp;<a href=\"https:\/\/editha-dev.bruchstudios.de\/index.php\/schulelterntrat\/\" rel=\"bookmark\">Weiterlesen &raquo;<span class=\"screen-reader-text\">Schulelterntrat<\/span><\/a><\/p>\n","protected":false},"author":1,"featured_media":0,"parent":0,"menu_order":0,"comment_status":"closed","ping_status":"closed","template":"","meta":{"_eb_attr":"","neve_meta_sidebar":"","neve_meta_container":"","neve_meta_enable_content_width":"","neve_meta_content_width":0,"neve_meta_title_alignment":"","neve_meta_author_avatar":"","neve_post_elements_order":"","neve_meta_disable_header":"","neve_meta_disable_footer":"","neve_meta_disable_title":"","footnotes":""},"class_list":["post-144","page","type-page","status-publish","hentry"],"aioseo_notices":[],"_links":{"self":[{"href":"https:\/\/editha-dev.bruchstudios.de\/index.php\/wp-json\/wp\/v2\/pages\/144","targetHints":{"allow":["GET"]}}],"collection":[{"href":"https:\/\/editha-dev.bruchstudios.de\/index.php\/wp-json\/wp\/v2\/pages"}],"about":[{"href":"https:\/\/editha-dev.bruchstudios.de\/index.php\/wp-json\/wp\/v2\/types\/page"}],"author":[{"embeddable":true,"href":"https:\/\/editha-dev.bruchstudios.de\/index.php\/wp-json\/wp\/v2\/users\/1"}],"replies":[{"embeddable":true,"href":"https:\/\/editha-dev.bruchstudios.de\/index.php\/wp-json\/wp\/v2\/comments?post=144"}],"version-history":[{"count":3,"href":"https:\/\/editha-dev.bruchstudios.de\/index.php\/wp-json\/wp\/v2\/pages\/144\/revisions"}],"predecessor-version":[{"id":561,"href":"https:\/\/editha-dev.bruchstudios.de\/index.php\/wp-json\/wp\/v2\/pages\/144\/revisions\/561"}],"wp:attachment":[{"href":"https:\/\/editha-dev.bruchstudios.de\/index.php\/wp-json\/wp\/v2\/media?parent=144"}],"curies":[{"name":"wp","href":"https:\/\/api.w.org\/{rel}","templated":true}]}}