{"id":143,"date":"2023-09-24T10:56:37","date_gmt":"2023-09-24T08:56:37","guid":{"rendered":"https:\/\/editha-dev.bruchstudios.de\/?page_id=143"},"modified":"2023-09-24T12:08:13","modified_gmt":"2023-09-24T10:08:13","slug":"schulsozialarbeit","status":"publish","type":"page","link":"https:\/\/editha-dev.bruchstudios.de\/index.php\/schulsozialarbeit\/","title":{"rendered":"Schulsozialarbeit"},"content":{"rendered":"\n<h1 class=\"wp-block-heading\">Schulsozialarbeit<\/h1>\n\n\n\n<p>Tr\u00e4ger der Schulsozialarbeit ist der anerkannte Tr\u00e4ger der freien Jugendhilfe Spielwagen e.V. \u2013 Zu erreichen im Internet unter www.spielwagen-magdeburg.de<img decoding=\"async\" src=\"https:\/\/www.gym-editha.bildung-lsa.de\/dat\/cms1003288\/images\/ssa1.png\" alt=\"ssa1.png\" width=\"300\" height=\"155\"><\/p>\n\n\n\n<p>Ansprechpartner:<\/p>\n\n\n\n<p><strong><em>Steffen Burbank<\/em><\/strong><\/p>\n\n\n\n<p>steffenburbank@spielwagen-magdeburg.de<\/p>\n\n\n\n<p>Telefon: 0176\/43361355<\/p>\n\n\n\n<p>Sprechzeiten: Mo-Do: 8:30 -15:00 Uhr und Freitag 8:30 \u201313:30 Uhr oder gerne nach individueller Absprache<\/p>\n\n\n\n<p>Inhalte:<\/p>\n\n\n\n<p><strong>Einzelfallhilfe:<\/strong><\/p>\n\n\n\n<p>Beratung\/Begleitung von Sch\u00fcler*innen mit Sorgen, Fragen und anderen Anliegen. Individuelle Zusammenarbeit mit Schule und Familie. Eventuelle Begleitung zu anderen Institutionen.<\/p>\n\n\n\n<p><strong>Lehrerarbeit:<\/strong><\/p>\n\n\n\n<p>Unterst\u00fctzung bei (Erst-)Gespr\u00e4chen mit Eltern; Kontakt-Vermittler zu anderen Institutionen<\/p>\n\n\n\n<p><strong>Elternarbeit:<\/strong><\/p>\n\n\n\n<p>Individuelles Beratungsangebot bei Entwicklungs \u2013 und Erziehungsfragen.<\/p>\n\n\n\n<p><strong>Projektarbeit mit den Klassen:<\/strong><\/p>\n\n\n\n<p>Je nach Altersstufe werden verschiedenste Themen auf angepasste Art und Weise mit der Klasse oder in Kleingruppe behandelt\/bearbeitet<\/p>\n\n\n\n<p><strong>Projekte und Angebote:<\/strong><\/p>\n\n\n\n<p>&#8211;&nbsp;&nbsp;&nbsp;&nbsp;&nbsp;&nbsp;&nbsp; Leitung und Koordination des Projektes \u201eSchule ohne Rassismus \u2013 Schule mit Courage\u201c<\/p>\n\n\n\n<p>&#8211;&nbsp;&nbsp;&nbsp;&nbsp;&nbsp;&nbsp;&nbsp; Unterst\u00fctzung und Zusammenarbeit des Theaterprojektes vom Puppentheater<\/p>\n\n\n\n<p>&#8211;&nbsp;&nbsp;&nbsp;&nbsp;&nbsp;&nbsp;&nbsp; Regelm\u00e4\u00dfige Treffen mit Sch\u00fclersprecher_in und Klassensprecher*innen f\u00fcr gemeinsame Projektplanung<\/p>\n\n\n\n<p>&#8211;&nbsp;&nbsp;&nbsp;&nbsp;&nbsp;&nbsp;&nbsp; Erlebnisp\u00e4dagogische Kennlerntage der 5. Klassen zu Beginn des Schuljahres<\/p>\n\n\n\n<p>&#8211;&nbsp;&nbsp;&nbsp;&nbsp;&nbsp;&nbsp;&nbsp; Sozialkompetenztraining der 5. Klassen zu Beginn des Schuljahres<\/p>\n\n\n\n<p>&#8211;&nbsp;&nbsp;&nbsp;&nbsp;&nbsp;&nbsp;&nbsp; Aktive Pause<\/p>\n\n\n\n<p><strong>Netzwerk- und Gremienarbeit&nbsp;<\/strong>&nbsp;\u2013 Kooperation und Zusammenarbeit mit externen und professions\u00fcbergreifenden Institutionen \/ Kolleg*innen<\/p>\n\n\n\n<figure class=\"wp-block-image\"><img decoding=\"async\" src=\"https:\/\/www.gym-editha.bildung-lsa.de\/dat\/cms1003288\/images\/ssa2.png\" alt=\"ssa2.png\" title=\"ssa2.png\"\/><\/figure>\n\n\n\n<figure class=\"wp-block-image\"><img decoding=\"async\" src=\"https:\/\/www.gym-editha.bildung-lsa.de\/dat\/cms1003288\/images\/esf_logo.jpg\" alt=\"esf_logo.jpg\" title=\"esf_logo.jpg\"\/><\/figure>\n","protected":false},"excerpt":{"rendered":"<p>Schulsozialarbeit Tr\u00e4ger der Schulsozialarbeit ist der anerkannte Tr\u00e4ger der freien Jugendhilfe Spielwagen e.V. \u2013 Zu erreichen im Internet unter www.spielwagen-magdeburg.de Ansprechpartner: Steffen Burbank steffenburbank@spielwagen-magdeburg.de Telefon: 0176\/43361355 Sprechzeiten: Mo-Do: 8:30 -15:00 Uhr und Freitag 8:30 \u201313:30 Uhr oder gerne nach individueller Absprache Inhalte: Einzelfallhilfe: Beratung\/Begleitung von Sch\u00fcler*innen mit Sorgen, Fragen und anderen Anliegen. Individuelle Zusammenarbeit mit&hellip;&nbsp;<a href=\"https:\/\/editha-dev.bruchstudios.de\/index.php\/schulsozialarbeit\/\" rel=\"bookmark\">Weiterlesen &raquo;<span class=\"screen-reader-text\">Schulsozialarbeit<\/span><\/a><\/p>\n","protected":false},"author":1,"featured_media":0,"parent":0,"menu_order":0,"comment_status":"closed","ping_status":"closed","template":"","meta":{"_eb_attr":"","neve_meta_sidebar":"","neve_meta_container":"","neve_meta_enable_content_width":"","neve_meta_content_width":0,"neve_meta_title_alignment":"","neve_meta_author_avatar":"","neve_post_elements_order":"","neve_meta_disable_header":"","neve_meta_disable_footer":"","neve_meta_disable_title":"","footnotes":""},"class_list":["post-143","page","type-page","status-publish","hentry"],"aioseo_notices":[],"_links":{"self":[{"href":"https:\/\/editha-dev.bruchstudios.de\/index.php\/wp-json\/wp\/v2\/pages\/143","targetHints":{"allow":["GET"]}}],"collection":[{"href":"https:\/\/editha-dev.bruchstudios.de\/index.php\/wp-json\/wp\/v2\/pages"}],"about":[{"href":"https:\/\/editha-dev.bruchstudios.de\/index.php\/wp-json\/wp\/v2\/types\/page"}],"author":[{"embeddable":true,"href":"https:\/\/editha-dev.bruchstudios.de\/index.php\/wp-json\/wp\/v2\/users\/1"}],"replies":[{"embeddable":true,"href":"https:\/\/editha-dev.bruchstudios.de\/index.php\/wp-json\/wp\/v2\/comments?post=143"}],"version-history":[{"count":2,"href":"https:\/\/editha-dev.bruchstudios.de\/index.php\/wp-json\/wp\/v2\/pages\/143\/revisions"}],"predecessor-version":[{"id":232,"href":"https:\/\/editha-dev.bruchstudios.de\/index.php\/wp-json\/wp\/v2\/pages\/143\/revisions\/232"}],"wp:attachment":[{"href":"https:\/\/editha-dev.bruchstudios.de\/index.php\/wp-json\/wp\/v2\/media?parent=143"}],"curies":[{"name":"wp","href":"https:\/\/api.w.org\/{rel}","templated":true}]}}